{"id":90,"date":"2021-10-26T19:37:51","date_gmt":"2021-10-26T17:37:51","guid":{"rendered":"https:\/\/www.newlawn.fr\/wordpress\/?page_id=90"},"modified":"2025-05-01T18:04:26","modified_gmt":"2025-05-01T16:04:26","slug":"page-daccueil","status":"publish","type":"page","link":"https:\/\/www.newlawn.fr\/wordpress\/","title":{"rendered":"Bienvenue sur le site du New Lawn"},"content":{"rendered":"\t\t<div data-elementor-type=\"wp-page\" data-elementor-id=\"90\" class=\"elementor elementor-90\" data-elementor-settings=\"[]\">\n\t\t\t\t\t\t\t<div class=\"elementor-section-wrap\">\n\t\t\t\t\t\t\t<section class=\"elementor-section elementor-top-section elementor-element elementor-element-4c982cf elementor-section-full_width elementor-section-stretched elementor-section-height-default elementor-section-height-default\" data-id=\"4c982cf\" data-element_type=\"section\" data-settings=\"{&quot;stretch_section&quot;:&quot;section-stretched&quot;,&quot;background_background&quot;:&quot;slideshow&quot;,&quot;background_slideshow_gallery&quot;:[{&quot;id&quot;:106,&quot;url&quot;:&quot;https:\\\/\\\/www.newlawn.fr\\\/wordpress\\\/wp-content\\\/uploads\\\/2021\\\/09\\\/9I1A3846-2-5-scaled.jpg&quot;},{&quot;id&quot;:193,&quot;url&quot;:&quot;https:\\\/\\\/www.newlawn.fr\\\/wordpress\\\/wp-content\\\/uploads\\\/2021\\\/11\\\/moises-alex-WqI-PbYugn4-unsplash-scaled.jpg&quot;},{&quot;id&quot;:85,&quot;url&quot;:&quot;https:\\\/\\\/www.newlawn.fr\\\/wordpress\\\/wp-content\\\/uploads\\\/2021\\\/09\\\/9I1A3838-2-2-scaled.jpg&quot;},{&quot;id&quot;:190,&quot;url&quot;:&quot;https:\\\/\\\/www.newlawn.fr\\\/wordpress\\\/wp-content\\\/uploads\\\/2021\\\/11\\\/john-fornander-4R9CcBdQTEg-unsplash-scaled.jpg&quot;},{&quot;id&quot;:104,&quot;url&quot;:&quot;https:\\\/\\\/www.newlawn.fr\\\/wordpress\\\/wp-content\\\/uploads\\\/2021\\\/09\\\/9I1A3833-2-5-scaled.jpg&quot;},{&quot;id&quot;:86,&quot;url&quot;:&quot;https:\\\/\\\/www.newlawn.fr\\\/wordpress\\\/wp-content\\\/uploads\\\/2021\\\/09\\\/9I1A3840-2-scaled.jpg&quot;},{&quot;id&quot;:103,&quot;url&quot;:&quot;https:\\\/\\\/www.newlawn.fr\\\/wordpress\\\/wp-content\\\/uploads\\\/2021\\\/09\\\/9I1A3829-2-5-scaled.jpg&quot;},{&quot;id&quot;:191,&quot;url&quot;:&quot;https:\\\/\\\/www.newlawn.fr\\\/wordpress\\\/wp-content\\\/uploads\\\/2021\\\/11\\\/kirill-zharkiy-ItKtQ-OaIzQ-unsplash-scaled.jpg&quot;}],&quot;background_slideshow_slide_transition&quot;:&quot;slide_right&quot;,&quot;background_slideshow_loop&quot;:&quot;yes&quot;,&quot;background_slideshow_slide_duration&quot;:5000,&quot;background_slideshow_transition_duration&quot;:500}\">\n\t\t\t\t\t\t\t<div class=\"elementor-background-overlay\"><\/div>\n\t\t\t\t\t\t\t<div class=\"elementor-container elementor-column-gap-default\">\n\t\t\t\t\t<div class=\"elementor-column elementor-col-100 elementor-top-column elementor-element elementor-element-652e200\" data-id=\"652e200\" data-element_type=\"column\">\n\t\t\t<div class=\"elementor-widget-wrap elementor-element-populated\">\n\t\t\t\t\t\t\t\t<div class=\"elementor-element elementor-element-a47a2e5 elementor-widget elementor-widget-text-editor\" data-id=\"a47a2e5\" data-element_type=\"widget\" data-widget_type=\"text-editor.default\">\n\t\t\t\t<div class=\"elementor-widget-container\">\n\t\t\t\t\t\t\t<h3>Bienvenue sur le site du New Lawn<\/h3>\t\t\t\t\t\t<\/div>\n\t\t\t\t<\/div>\n\t\t\t\t\t<\/div>\n\t\t<\/div>\n\t\t\t\t\t\t\t<\/div>\n\t\t<\/section>\n\t\t\t\t<section class=\"elementor-section elementor-top-section elementor-element elementor-element-2a6359c elementor-section-boxed elementor-section-height-default elementor-section-height-default\" data-id=\"2a6359c\" data-element_type=\"section\">\n\t\t\t\t\t\t<div class=\"elementor-container elementor-column-gap-default\">\n\t\t\t\t\t<div class=\"elementor-column elementor-col-100 elementor-top-column elementor-element elementor-element-d020fc5\" data-id=\"d020fc5\" data-element_type=\"column\">\n\t\t\t<div class=\"elementor-widget-wrap elementor-element-populated\">\n\t\t\t\t\t\t\t\t<div class=\"elementor-element elementor-element-fa870f6 elementor-widget elementor-widget-text-editor\" data-id=\"fa870f6\" data-element_type=\"widget\" data-widget_type=\"text-editor.default\">\n\t\t\t\t<div class=\"elementor-widget-container\">\n\t\t\t\t\t\t\t<p>Bienvenue sur le site du New Lawn, un des plus anciens club en terre battue au Nord de Paris. \u00a0<\/p><p><span style=\"font-size: inherit; text-align: inherit;\">Id\u00e9alement situ\u00e9 \u00e0 deux pas de la citadelle de Lille, le New Lawn vous offre la possibilit\u00e9 de jouer au tennis dans un cadre verdoyant et plein de charme.\u00a0<\/span><\/p><p>Horaires d&rsquo;ouverture du club house :<\/p><p>-Lundi : 9h\/16h.<\/p><p>-Mardi : 9h\/16h.<\/p><p>-Mercredi : 9h\/16h.<\/p><p>-Jeudi : 9h\/22h.<\/p><p>Vendredi : 9h\/22h.<\/p><p>Samedi : 11h\/16h.<\/p><p>Dimanche : ferm\u00e9.<\/p><p><span style=\"font-size: inherit; text-align: inherit;\">\u00a0<\/span><\/p><p>\u00a0<\/p><p><img loading=\"lazy\" decoding=\"async\" class=\"alignnone size-medium wp-image-531\" style=\"font-size: 21px; text-align: start;\" src=\"https:\/\/www.newlawn.fr\/wordpress\/wp-content\/uploads\/2021\/12\/logoclubrg600px-300x110.png\" alt=\"\" width=\"300\" height=\"110\" srcset=\"https:\/\/www.newlawn.fr\/wordpress\/wp-content\/uploads\/2021\/12\/logoclubrg600px-300x110.png 300w, https:\/\/www.newlawn.fr\/wordpress\/wp-content\/uploads\/2021\/12\/logoclubrg600px.png 600w\" sizes=\"(max-width: 300px) 100vw, 300px\" \/><\/p><p>\u00a0<\/p>\t\t\t\t\t\t<\/div>\n\t\t\t\t<\/div>\n\t\t\t\t\t<\/div>\n\t\t<\/div>\n\t\t\t\t\t\t\t<\/div>\n\t\t<\/section>\n\t\t\t\t<section class=\"elementor-section elementor-top-section elementor-element elementor-element-f36a873 elementor-section-boxed elementor-section-height-default elementor-section-height-default\" data-id=\"f36a873\" data-element_type=\"section\">\n\t\t\t\t\t\t<div class=\"elementor-container elementor-column-gap-default\">\n\t\t\t\t\t<div class=\"elementor-column elementor-col-100 elementor-top-column elementor-element elementor-element-ff92430\" data-id=\"ff92430\" data-element_type=\"column\">\n\t\t\t<div class=\"elementor-widget-wrap elementor-element-populated\">\n\t\t\t\t\t\t\t\t<div class=\"elementor-element elementor-element-a192726 elementor-widget elementor-widget-text-editor\" data-id=\"a192726\" data-element_type=\"widget\" data-widget_type=\"text-editor.default\">\n\t\t\t\t<div class=\"elementor-widget-container\">\n\t\t\t\t\t\t\t<center><div class=\"fb-page\" data-href=\"https:\/\/www.facebook.com\/profile.php?id=100057112643756\" data-tabs=\"timeline\" data-width=\"\" data-height=\"\" data-small-header=\"false\" data-adapt-container-width=\"true\" data-hide-cover=\"false\" data-show-facepile=\"true\">\n<blockquote class=\"fb-xfbml-parse-ignore\" cite=\"https:\/\/www.facebook.com\/profile.php?id=100057112643756\"><a href=\"https:\/\/www.facebook.com\/profile.php?id=100057112643756\">New Lawn Tennis Club Lambersart<\/a><\/blockquote>\n<\/div><\/center>\t\t\t\t\t\t<\/div>\n\t\t\t\t<\/div>\n\t\t\t\t\t<\/div>\n\t\t<\/div>\n\t\t\t\t\t\t\t<\/div>\n\t\t<\/section>\n\t\t\t\t\t\t<\/div>\n\t\t\t\t\t<\/div>\n\t\t","protected":false},"excerpt":{"rendered":"<p>Bienvenue sur le site du New Lawn Bienvenue sur le site du New Lawn, un des plus anciens club en terre battue au Nord de Paris. \u00a0 Id\u00e9alement situ\u00e9 \u00e0 deux pas de la citadelle de Lille, le New Lawn vous offre la possibilit\u00e9 de jouer au tennis dans un cadre verdoyant et plein de [&hellip;]<\/p>\n","protected":false},"author":1,"featured_media":0,"parent":0,"menu_order":0,"comment_status":"closed","ping_status":"closed","template":"templates\/template-full-width.php","meta":{"footnotes":""},"uagb_featured_image_src":{"full":false,"thumbnail":false,"medium":false,"medium_large":false,"large":false,"1536x1536":false,"2048x2048":false,"post-thumbnail":false,"twentytwenty-fullscreen":false},"uagb_author_info":{"display_name":"newlawn_admin","author_link":"https:\/\/www.newlawn.fr\/wordpress\/author\/newlawn_admin\/"},"uagb_comment_info":0,"uagb_excerpt":"Bienvenue sur le site du New Lawn Bienvenue sur le site du New Lawn, un des plus anciens club en terre battue au Nord de Paris. \u00a0 Id\u00e9alement situ\u00e9 \u00e0 deux pas de la citadelle de Lille, le New Lawn vous offre la possibilit\u00e9 de jouer au tennis dans un cadre verdoyant et plein de\u2026","_links":{"self":[{"href":"https:\/\/www.newlawn.fr\/wordpress\/wp-json\/wp\/v2\/pages\/90"}],"collection":[{"href":"https:\/\/www.newlawn.fr\/wordpress\/wp-json\/wp\/v2\/pages"}],"about":[{"href":"https:\/\/www.newlawn.fr\/wordpress\/wp-json\/wp\/v2\/types\/page"}],"author":[{"embeddable":true,"href":"https:\/\/www.newlawn.fr\/wordpress\/wp-json\/wp\/v2\/users\/1"}],"replies":[{"embeddable":true,"href":"https:\/\/www.newlawn.fr\/wordpress\/wp-json\/wp\/v2\/comments?post=90"}],"version-history":[{"count":101,"href":"https:\/\/www.newlawn.fr\/wordpress\/wp-json\/wp\/v2\/pages\/90\/revisions"}],"predecessor-version":[{"id":857,"href":"https:\/\/www.newlawn.fr\/wordpress\/wp-json\/wp\/v2\/pages\/90\/revisions\/857"}],"wp:attachment":[{"href":"https:\/\/www.newlawn.fr\/wordpress\/wp-json\/wp\/v2\/media?parent=90"}],"curies":[{"name":"wp","href":"https:\/\/api.w.org\/{rel}","templated":true}]}}